{"id":1238,"date":"2025-11-12T20:30:54","date_gmt":"2025-11-12T20:30:54","guid":{"rendered":"https:\/\/kaizaweb.com.ar\/?page_id=1238"},"modified":"2025-12-12T22:24:47","modified_gmt":"2025-12-12T22:24:47","slug":"otros-negocios","status":"publish","type":"page","link":"https:\/\/cuatroalmaswines.com\/en\/otros-negocios\/","title":{"rendered":"Other Businesses"},"content":{"rendered":"<div data-elementor-type=\"wp-page\" data-elementor-id=\"1238\" class=\"elementor elementor-1238\">\n\t\t\t\t<div class=\"elementor-element elementor-element-e802da1 e-flex e-con-boxed e-con e-parent\" data-id=\"e802da1\" data-element_type=\"container\" data-e-type=\"container\" data-settings=\"{&quot;background_background&quot;:&quot;classic&quot;,&quot;jet_parallax_layout_list&quot;:[]}\">\n\t\t\t\t\t<div class=\"e-con-inner\">\n\t\t<div class=\"elementor-element elementor-element-4127aad e-con-full e-flex e-con e-child\" data-id=\"4127aad\" data-element_type=\"container\" data-e-type=\"container\" data-settings=\"{&quot;jet_parallax_layout_list&quot;:[]}\">\n\t\t\t\t<div class=\"elementor-element elementor-element-ffe518a elementor-widget elementor-widget-heading\" data-id=\"ffe518a\" data-element_type=\"widget\" data-e-type=\"widget\" data-widget_type=\"heading.default\">\n\t\t\t\t\t<p class=\"elementor-heading-title elementor-size-default\">Chilean Wines<\/p>\t\t\t\t<\/div>\n\t\t\t\t<div class=\"elementor-element elementor-element-2791c93 elementor-invisible elementor-widget elementor-widget-heading\" data-id=\"2791c93\" data-element_type=\"widget\" data-e-type=\"widget\" data-settings=\"{&quot;_animation&quot;:&quot;fadeInUp&quot;}\" data-widget_type=\"heading.default\">\n\t\t\t\t\t<h1 class=\"elementor-heading-title elementor-size-default\">Other Businesses<\/h1>\t\t\t\t<\/div>\n\t\t\t\t<div class=\"elementor-element elementor-element-72f1b75 elementor-widget__width-initial elementor-widget elementor-widget-text-editor\" data-id=\"72f1b75\" data-element_type=\"widget\" data-e-type=\"widget\" data-widget_type=\"text-editor.default\">\n\t\t\t\t\t\t\t\t\t<p>From the development of private labels to wine and gastronomic experiences, we support you in exploring new ways to expand your connection with the world of wine.<\/p>\t\t\t\t\t\t\t\t<\/div>\n\t\t\t\t<\/div>\n\t\t\t\t\t<\/div>\n\t\t\t\t<\/div>\n\t\t<div class=\"elementor-element elementor-element-29bdb81 e-flex e-con-boxed e-con e-parent\" data-id=\"29bdb81\" data-element_type=\"container\" data-e-type=\"container\" data-settings=\"{&quot;background_background&quot;:&quot;classic&quot;,&quot;jet_parallax_layout_list&quot;:[]}\">\n\t\t\t\t\t<div class=\"e-con-inner\">\n\t\t<div class=\"elementor-element elementor-element-f40b878 e-con-full e-flex elementor-invisible e-con e-child\" data-id=\"f40b878\" data-element_type=\"container\" data-e-type=\"container\" data-settings=\"{&quot;background_background&quot;:&quot;classic&quot;,&quot;jet_parallax_layout_list&quot;:[],&quot;animation&quot;:&quot;fadeInLeft&quot;}\">\n\t\t<div class=\"elementor-element elementor-element-c4ee753 e-con-full e-flex e-con e-child\" data-id=\"c4ee753\" data-element_type=\"container\" data-e-type=\"container\" data-settings=\"{&quot;jet_parallax_layout_list&quot;:[]}\">\n\t\t\t\t<div class=\"elementor-element elementor-element-5b920a2 elementor-widget elementor-widget-heading\" data-id=\"5b920a2\" data-element_type=\"widget\" data-e-type=\"widget\" data-widget_type=\"heading.default\">\n\t\t\t\t\t<p class=\"elementor-heading-title elementor-size-default\">Private Labels<\/p>\t\t\t\t<\/div>\n\t\t\t\t<div class=\"elementor-element elementor-element-38ac292 elementor-widget elementor-widget-text-editor\" data-id=\"38ac292\" data-element_type=\"widget\" data-e-type=\"widget\" data-widget_type=\"text-editor.default\">\n\t\t\t\t\t\t\t\t\t<p>Explore with us the development of your own wine brand, specially tailored for you.<\/p>\t\t\t\t\t\t\t\t<\/div>\n\t\t\t\t<\/div>\n\t\t<div class=\"elementor-element elementor-element-d0ce769 e-con-full e-flex e-con e-child\" data-id=\"d0ce769\" data-element_type=\"container\" data-e-type=\"container\" data-settings=\"{&quot;jet_parallax_layout_list&quot;:[]}\">\n\t\t\t\t<div class=\"elementor-element elementor-element-dc65bc5 elementor-widget elementor-widget-heading\" data-id=\"dc65bc5\" data-element_type=\"widget\" data-e-type=\"widget\" data-widget_type=\"heading.default\">\n\t\t\t\t\t<p class=\"elementor-heading-title elementor-size-default\">Bulk Wines<\/p>\t\t\t\t<\/div>\n\t\t\t\t<div class=\"elementor-element elementor-element-59ec36a elementor-widget elementor-widget-text-editor\" data-id=\"59ec36a\" data-element_type=\"widget\" data-e-type=\"widget\" data-widget_type=\"text-editor.default\">\n\t\t\t\t\t\t\t\t\t<p>Inquire about the availability of bulk wines for export and the domestic market.\u00a0<\/p>\t\t\t\t\t\t\t\t<\/div>\n\t\t\t\t<\/div>\n\t\t<div class=\"elementor-element elementor-element-72fcf75 e-con-full e-flex e-con e-child\" data-id=\"72fcf75\" data-element_type=\"container\" data-e-type=\"container\" data-settings=\"{&quot;jet_parallax_layout_list&quot;:[]}\">\n\t\t\t\t<div class=\"elementor-element elementor-element-30ee2db elementor-widget elementor-widget-heading\" data-id=\"30ee2db\" data-element_type=\"widget\" data-e-type=\"widget\" data-widget_type=\"heading.default\">\n\t\t\t\t\t<p class=\"elementor-heading-title elementor-size-default\">Oenological Consulting<\/p>\t\t\t\t<\/div>\n\t\t\t\t<div class=\"elementor-element elementor-element-a4a933c elementor-widget elementor-widget-text-editor\" data-id=\"a4a933c\" data-element_type=\"widget\" data-e-type=\"widget\" data-widget_type=\"text-editor.default\">\n\t\t\t\t\t\t\t\t\t<p>We advise you on the growth of your wine business, from vineyard cultivation to the final wine.<\/p>\t\t\t\t\t\t\t\t<\/div>\n\t\t\t\t<\/div>\n\t\t<div class=\"elementor-element elementor-element-5b73e80 e-con-full e-flex e-con e-child\" data-id=\"5b73e80\" data-element_type=\"container\" data-e-type=\"container\" data-settings=\"{&quot;jet_parallax_layout_list&quot;:[]}\">\n\t\t\t\t<div class=\"elementor-element elementor-element-691949a elementor-widget elementor-widget-heading\" data-id=\"691949a\" data-element_type=\"widget\" data-e-type=\"widget\" data-widget_type=\"heading.default\">\n\t\t\t\t\t<p class=\"elementor-heading-title elementor-size-default\">Ontological Coaching<\/p>\t\t\t\t<\/div>\n\t\t\t\t<div class=\"elementor-element elementor-element-36e7c00 elementor-widget elementor-widget-text-editor\" data-id=\"36e7c00\" data-element_type=\"widget\" data-e-type=\"widget\" data-widget_type=\"text-editor.default\">\n\t\t\t\t\t\t\t\t\t<p>We are the first wine project linked to ontological coaching and are available to advise you in various areas: responsible consumption, mindful consumption settings, and stress management through the enjoyment of wine.<\/p>\t\t\t\t\t\t\t\t<\/div>\n\t\t\t\t<\/div>\n\t\t<div class=\"elementor-element elementor-element-9a83798 e-con-full e-flex e-con e-child\" data-id=\"9a83798\" data-element_type=\"container\" data-e-type=\"container\" data-settings=\"{&quot;jet_parallax_layout_list&quot;:[]}\">\n\t\t\t\t<div class=\"elementor-element elementor-element-86f0cce elementor-widget elementor-widget-heading\" data-id=\"86f0cce\" data-element_type=\"widget\" data-e-type=\"widget\" data-widget_type=\"heading.default\">\n\t\t\t\t\t<p class=\"elementor-heading-title elementor-size-default\">Wine &amp; Gastronomy Experiences<\/p>\t\t\t\t<\/div>\n\t\t\t\t<div class=\"elementor-element elementor-element-15a7661 elementor-widget elementor-widget-text-editor\" data-id=\"15a7661\" data-element_type=\"widget\" data-e-type=\"widget\" data-widget_type=\"text-editor.default\">\n\t\t\t\t\t\t\t\t\t<p>We invite you to enjoy our special wine and gastronomy programs, with a variety of experiences specially designed for afternoons with friends, celebrations, and different occasions to share great moments around wine culture.<\/p>\t\t\t\t\t\t\t\t<\/div>\n\t\t\t\t<\/div>\n\t\t\t\t<\/div>\n\t\t<div class=\"elementor-element elementor-element-89ba996 e-con-full e-flex elementor-invisible e-con e-child\" data-id=\"89ba996\" data-element_type=\"container\" data-e-type=\"container\" data-settings=\"{&quot;background_background&quot;:&quot;classic&quot;,&quot;jet_parallax_layout_list&quot;:[],&quot;animation&quot;:&quot;fadeInRight&quot;}\">\n\t\t\t\t<div class=\"elementor-element elementor-element-bcb79a3 elementor-widget elementor-widget-spacer\" data-id=\"bcb79a3\" data-element_type=\"widget\" data-e-type=\"widget\" data-widget_type=\"spacer.default\">\n\t\t\t\t\t\t\t<div class=\"elementor-spacer\">\n\t\t\t<div class=\"elementor-spacer-inner\"><\/div>\n\t\t<\/div>\n\t\t\t\t\t\t<\/div>\n\t\t\t\t<\/div>\n\t\t\t\t\t<\/div>\n\t\t\t\t<\/div>\n\t\t\t\t<\/div>","protected":false},"excerpt":{"rendered":"<p>Vinos chilenos Otros Negocios Desde el desarrollo de marcas personalizadas hasta experiencias enogastron\u00f3micas, te acompa\u00f1amos a explorar nuevas formas de expandir tu v\u00ednculo con el mundo del vino. marcas privadas Explora con nosotros el desarrollo de tu propia marca de vinos, especialmente personalizada para ti. vinos a granel Consulta sobre la disponibilidad de vinos a [&hellip;]<\/p>\n","protected":false},"author":1,"featured_media":0,"parent":0,"menu_order":0,"comment_status":"closed","ping_status":"closed","template":"elementor_header_footer","meta":{"footnotes":""},"class_list":["post-1238","page","type-page","status-publish","hentry"],"_links":{"self":[{"href":"https:\/\/cuatroalmaswines.com\/en\/wp-json\/wp\/v2\/pages\/1238","targetHints":{"allow":["GET"]}}],"collection":[{"href":"https:\/\/cuatroalmaswines.com\/en\/wp-json\/wp\/v2\/pages"}],"about":[{"href":"https:\/\/cuatroalmaswines.com\/en\/wp-json\/wp\/v2\/types\/page"}],"author":[{"embeddable":true,"href":"https:\/\/cuatroalmaswines.com\/en\/wp-json\/wp\/v2\/users\/1"}],"replies":[{"embeddable":true,"href":"https:\/\/cuatroalmaswines.com\/en\/wp-json\/wp\/v2\/comments?post=1238"}],"version-history":[{"count":19,"href":"https:\/\/cuatroalmaswines.com\/en\/wp-json\/wp\/v2\/pages\/1238\/revisions"}],"predecessor-version":[{"id":1999,"href":"https:\/\/cuatroalmaswines.com\/en\/wp-json\/wp\/v2\/pages\/1238\/revisions\/1999"}],"wp:attachment":[{"href":"https:\/\/cuatroalmaswines.com\/en\/wp-json\/wp\/v2\/media?parent=1238"}],"curies":[{"name":"wp","href":"https:\/\/api.w.org\/{rel}","templated":true}]}}