{"id":259,"date":"2025-11-06T18:19:19","date_gmt":"2025-11-06T18:19:19","guid":{"rendered":"https:\/\/kaizaweb.com.ar\/?page_id=259"},"modified":"2026-02-20T01:26:14","modified_gmt":"2026-02-20T01:26:14","slug":"nosotros","status":"publish","type":"page","link":"https:\/\/cuatroalmaswines.com\/en\/nosotros\/","title":{"rendered":"About Us"},"content":{"rendered":"\t\t<div data-elementor-type=\"wp-page\" data-elementor-id=\"259\" class=\"elementor elementor-259\">\n\t\t\t\t<div class=\"elementor-element elementor-element-7344d4a e-flex e-con-boxed e-con e-parent\" data-id=\"7344d4a\" data-element_type=\"container\" data-e-type=\"container\" data-settings=\"{&quot;background_background&quot;:&quot;slideshow&quot;,&quot;jet_parallax_layout_list&quot;:[],&quot;background_slideshow_gallery&quot;:[{&quot;id&quot;:1320,&quot;url&quot;:&quot;https:\\\/\\\/cuatroalmaswines.com\\\/wp-content\\\/uploads\\\/2025\\\/11\\\/SVL_8445.jpg&quot;},{&quot;id&quot;:1294,&quot;url&quot;:&quot;https:\\\/\\\/cuatroalmaswines.com\\\/wp-content\\\/uploads\\\/2025\\\/11\\\/SVL_8449.webp&quot;}],&quot;background_slideshow_slide_duration&quot;:2000,&quot;background_slideshow_loop&quot;:&quot;yes&quot;,&quot;background_slideshow_slide_transition&quot;:&quot;fade&quot;,&quot;background_slideshow_transition_duration&quot;:500}\">\n\t\t\t\t\t<div class=\"e-con-inner\">\n\t\t<div class=\"elementor-element elementor-element-dc84e64 e-con-full e-flex e-con e-child\" data-id=\"dc84e64\" data-element_type=\"container\" data-e-type=\"container\" data-settings=\"{&quot;jet_parallax_layout_list&quot;:[]}\">\n\t\t\t\t<div class=\"elementor-element elementor-element-57f82bf elementor-widget elementor-widget-heading\" data-id=\"57f82bf\" data-element_type=\"widget\" data-e-type=\"widget\" data-widget_type=\"heading.default\">\n\t\t\t\t\t<p class=\"elementor-heading-title elementor-size-default\">Nuestra historia<\/p>\t\t\t\t<\/div>\n\t\t\t\t<div class=\"elementor-element elementor-element-df358ca elementor-widget elementor-widget-heading\" data-id=\"df358ca\" data-element_type=\"widget\" data-e-type=\"widget\" data-widget_type=\"heading.default\">\n\t\t\t\t\t<h1 class=\"elementor-heading-title elementor-size-default\">Nosotros<\/h1>\t\t\t\t<\/div>\n\t\t\t\t<div class=\"elementor-element elementor-element-c0089a9 elementor-widget__width-initial elementor-widget elementor-widget-text-editor\" data-id=\"c0089a9\" data-element_type=\"widget\" data-e-type=\"widget\" data-widget_type=\"text-editor.default\">\n\t\t\t\t\t\t\t\t\t<p>Nuestra historia comienza en familia y se escribe con el coraz\u00f3n. En Cuatro Almas, elaboramos vinos que hablan de lo que somos: amor, aprendizaje y gratitud por la vida que celebramos en cada brindis.<\/p>\t\t\t\t\t\t\t\t<\/div>\n\t\t\t\t<\/div>\n\t\t\t\t\t<\/div>\n\t\t\t\t<\/div>\n\t\t<div class=\"elementor-element elementor-element-53bf156 e-flex e-con-boxed e-con e-parent\" data-id=\"53bf156\" data-element_type=\"container\" data-e-type=\"container\" data-settings=\"{&quot;background_background&quot;:&quot;classic&quot;,&quot;jet_parallax_layout_list&quot;:[]}\">\n\t\t\t\t\t<div class=\"e-con-inner\">\n\t\t<div class=\"elementor-element elementor-element-429d2a6 e-con-full e-flex elementor-invisible e-con e-child\" data-id=\"429d2a6\" data-element_type=\"container\" data-e-type=\"container\" data-settings=\"{&quot;background_background&quot;:&quot;classic&quot;,&quot;jet_parallax_layout_list&quot;:[],&quot;animation&quot;:&quot;fadeInRight&quot;}\">\n\t\t\t\t<div class=\"elementor-element elementor-element-931fcfc elementor-widget elementor-widget-heading\" data-id=\"931fcfc\" data-element_type=\"widget\" data-e-type=\"widget\" data-widget_type=\"heading.default\">\n\t\t\t\t\t<p class=\"elementor-heading-title elementor-size-default\">Un Vino que Trasciende<\/p>\t\t\t\t<\/div>\n\t\t\t\t<div class=\"elementor-element elementor-element-5017b30 elementor-widget elementor-widget-text-editor\" data-id=\"5017b30\" data-element_type=\"widget\" data-e-type=\"widget\" data-widget_type=\"text-editor.default\">\n\t\t\t\t\t\t\t\t\t<p><strong>En 2016, naci\u00f3 Cuatro Almas,<\/strong> un tributo profundo y lleno de vida a nuestros hijos: Antonia, Isidora, Javiera y Mart\u00edn.<br \/>Cuatro almas que marcaron nuestras vidas de una manera \u00fanica, dejando una huella imborrable de fuerza, amor y pasi\u00f3n.<br \/>Hoy, su memoria y energ\u00eda siguen guiando cada paso de nuestra vi\u00f1a.<br \/><strong>Cuatro Almas no es solo una vi\u00f1a familiar m\u00e1s.<\/strong> Es un legado que se transmite en cada botella.<br \/>Creemos que el vino no es solo una bebida, sino un medio para conectar, crear recuerdos y compartir momentos que perduran.<br \/>Cada copa es una invitaci\u00f3n a vivir plenamente, a disfrutar de lo que realmente importa: las emociones que nos unen y los momentos que marcan nuestras vidas.<br \/>Cuatro Almas refleja el compromiso con la calidad que nos define.<br \/>Cada botella es una expresi\u00f3n aut\u00e9ntica de nuestra pasi\u00f3n y dedicaci\u00f3n por crear un vino que no solo se disfruta, sino que se siente.<br \/><strong>Bienvenidos a 4 Almas,<\/strong> un vino que trasciende, pensado para quienes valoran no solo lo que se bebe, sino lo que se vive.<br \/>Porque creemos que una botella de vino est\u00e1 hecha para compartir, para crear emociones y para dejar huella.<\/p>\t\t\t\t\t\t\t\t<\/div>\n\t\t\t\t<\/div>\n\t\t<div class=\"elementor-element elementor-element-464c99c e-con-full e-flex elementor-invisible e-con e-child\" data-id=\"464c99c\" data-element_type=\"container\" data-e-type=\"container\" data-settings=\"{&quot;background_background&quot;:&quot;classic&quot;,&quot;jet_parallax_layout_list&quot;:[],&quot;animation&quot;:&quot;fadeInLeft&quot;}\">\n\t\t\t\t<\/div>\n\t\t\t\t\t<\/div>\n\t\t\t\t<\/div>\n\t\t<div class=\"elementor-element elementor-element-0ce02f1 e-flex e-con-boxed e-con e-parent\" data-id=\"0ce02f1\" data-element_type=\"container\" data-e-type=\"container\" data-settings=\"{&quot;background_background&quot;:&quot;classic&quot;,&quot;jet_parallax_layout_list&quot;:[]}\">\n\t\t\t\t\t<div class=\"e-con-inner\">\n\t\t<div class=\"elementor-element elementor-element-785ee62 e-con-full e-flex elementor-invisible e-con e-child\" data-id=\"785ee62\" data-element_type=\"container\" data-e-type=\"container\" data-settings=\"{&quot;background_background&quot;:&quot;classic&quot;,&quot;jet_parallax_layout_list&quot;:[],&quot;animation&quot;:&quot;fadeInLeft&quot;}\">\n\t\t\t\t<\/div>\n\t\t<div class=\"elementor-element elementor-element-67189df e-con-full e-flex elementor-invisible e-con e-child\" data-id=\"67189df\" data-element_type=\"container\" data-e-type=\"container\" data-settings=\"{&quot;background_background&quot;:&quot;classic&quot;,&quot;jet_parallax_layout_list&quot;:[],&quot;animation&quot;:&quot;fadeInRight&quot;}\">\n\t\t\t\t<div class=\"elementor-element elementor-element-3e167b7 elementor-widget elementor-widget-heading\" data-id=\"3e167b7\" data-element_type=\"widget\" data-e-type=\"widget\" data-widget_type=\"heading.default\">\n\t\t\t\t\t<p class=\"elementor-heading-title elementor-size-default\">Nuestra historia<\/p>\t\t\t\t<\/div>\n\t\t\t\t<div class=\"elementor-element elementor-element-0dbbd6a elementor-widget elementor-widget-text-editor\" data-id=\"0dbbd6a\" data-element_type=\"widget\" data-e-type=\"widget\" data-widget_type=\"text-editor.default\">\n\t\t\t\t\t\t\t\t\t<p>Somos un matrimonio conformado por <strong>Daniela y Eduardo,<\/strong> junto a nuestros hijos<strong> Gabriel, Josefina y Vicente.<\/strong> Nos hemos embarcado, desde el a\u00f1o 2016, en nuestro proyecto m\u00e1s querido: <strong>Conmemorar con alegr\u00eda la historia de nuestros otros cuatro hijos<\/strong> que partieron de este mundo:\u00a0<b>Antonia, Isidora, Javiera y Mart\u00edn<\/b>. Ellos son cuatro almas puras, que transitaron por este mundo brevemente, para residir en el cielo junto a Dios. Cuatro Almas es un tributo a ellos, con una historia que hemos querido narrar desde el aprendizaje, contada a trav\u00e9s del vino.<\/p><p>Hemos elegido hacerlo a trav\u00e9s del vino, porque permite expresar los sentidos, las emociones y sensaciones que nos brinda la vida, como un regalo, el simple regalo de existir. Queremos que las personas conozcan nuestra historia, como as\u00ed tambi\u00e9n, que compartan nuestra pasi\u00f3n por el vino y por los diversos paisajes de nuestro hermoso pa\u00eds.\u00a0<\/p><p><strong>Estamos ubicados en la Regi\u00f3n Metropolitana de Santiago, a los pies de la Cordillera de Los Andes.<\/strong> Buscamos producir vinos con sentido de lugar, que reflejen el origen de las uvas cultivadas en los mejores terru\u00f1os del pa\u00eds.<strong> En la actualidad, nuestros vinos se exportan a diversos destinos, entre los que destacan Brasil, China y Los Estados Unidos.<\/strong> En Chile, nos pueden encontrar en diversos restaurantes y tiendas, adem\u00e1s de nuestra tienda virtual.<\/p>\t\t\t\t\t\t\t\t<\/div>\n\t\t\t\t<\/div>\n\t\t\t\t\t<\/div>\n\t\t\t\t<\/div>\n\t\t<div class=\"elementor-element elementor-element-586213d e-flex e-con-boxed e-con e-parent\" data-id=\"586213d\" data-element_type=\"container\" data-e-type=\"container\" data-settings=\"{&quot;background_background&quot;:&quot;classic&quot;,&quot;jet_parallax_layout_list&quot;:[]}\">\n\t\t\t\t\t<div class=\"e-con-inner\">\n\t\t<div class=\"elementor-element elementor-element-5c965a6 e-con-full e-flex elementor-invisible e-con e-child\" data-id=\"5c965a6\" data-element_type=\"container\" data-e-type=\"container\" data-settings=\"{&quot;background_background&quot;:&quot;classic&quot;,&quot;jet_parallax_layout_list&quot;:[],&quot;animation&quot;:&quot;fadeInRight&quot;}\">\n\t\t\t\t<div class=\"elementor-element elementor-element-6cf1d4d elementor-widget elementor-widget-heading\" data-id=\"6cf1d4d\" data-element_type=\"widget\" data-e-type=\"widget\" data-widget_type=\"heading.default\">\n\t\t\t\t\t<p class=\"elementor-heading-title elementor-size-default\">CUATRO ALMAS \u00ae<\/p>\t\t\t\t<\/div>\n\t\t\t\t<div class=\"elementor-element elementor-element-663284a elementor-widget elementor-widget-text-editor\" data-id=\"663284a\" data-element_type=\"widget\" data-e-type=\"widget\" data-widget_type=\"text-editor.default\">\n\t\t\t\t\t\t\t\t\t<p>4 Almas\u00ae no es solo un vino. <strong>Es nuestra historia en cada botella.<\/strong> Un vino con car\u00e1cter, con alma, nacido de lo que hemos vivido, aprendido y compartido. No queremos que simplemente disfrutes de una copa; queremos que cada sorbo te haga sentir.<br \/>Cada botella es un tributo a la vida, una invitaci\u00f3n a crear recuerdos y a vivir el momento. En 4 Almas\u00ae, nos negamos a ser solo otra vi\u00f1a familiar. Nuestro prop\u00f3sito es ir m\u00e1s all\u00e1: conectar, emocionar y ofrecer algo \u00fanico.<br \/>Un vino hecho para quienes valoran no solo lo que se bebe, sino lo que se vive.<br \/><strong>Porque para nosotros, el vino no es solo vino. Es una experiencia.<\/strong><\/p>\t\t\t\t\t\t\t\t<\/div>\n\t\t\t\t<\/div>\n\t\t<div class=\"elementor-element elementor-element-cde6498 e-con-full e-flex elementor-invisible e-con e-child\" data-id=\"cde6498\" data-element_type=\"container\" data-e-type=\"container\" data-settings=\"{&quot;background_background&quot;:&quot;classic&quot;,&quot;jet_parallax_layout_list&quot;:[],&quot;animation&quot;:&quot;fadeInLeft&quot;}\">\n\t\t\t\t<\/div>\n\t\t\t\t\t<\/div>\n\t\t\t\t<\/div>\n\t\t<div class=\"elementor-element elementor-element-6d7aaa1 e-flex e-con-boxed e-con e-parent\" data-id=\"6d7aaa1\" data-element_type=\"container\" data-e-type=\"container\" data-settings=\"{&quot;jet_parallax_layout_list&quot;:[]}\">\n\t\t\t\t\t<div class=\"e-con-inner\">\n\t\t<div class=\"elementor-element elementor-element-23a398b e-con-full e-flex e-con e-child\" data-id=\"23a398b\" data-element_type=\"container\" data-e-type=\"container\" data-settings=\"{&quot;jet_parallax_layout_list&quot;:[]}\">\n\t\t\t\t<div class=\"elementor-element elementor-element-b4562b9 elementor-widget elementor-widget-image\" data-id=\"b4562b9\" data-element_type=\"widget\" data-e-type=\"widget\" data-widget_type=\"image.default\">\n\t\t\t\t\t\t\t\t\t\t\t\t\t\t\t<img fetchpriority=\"high\" decoding=\"async\" width=\"300\" height=\"300\" src=\"https:\/\/cuatroalmaswines.com\/wp-content\/uploads\/2025\/11\/etiqueta-2-300x300-1.png\" class=\"attachment-large size-large wp-image-579\" alt=\"\" srcset=\"https:\/\/cuatroalmaswines.com\/wp-content\/uploads\/2025\/11\/etiqueta-2-300x300-1.png.webp 300w, https:\/\/cuatroalmaswines.com\/wp-content\/uploads\/2025\/11\/etiqueta-2-300x300-1-150x150.png.webp 150w, https:\/\/cuatroalmaswines.com\/wp-content\/uploads\/2025\/11\/etiqueta-2-300x300-1-100x100.png.webp 100w\" sizes=\"(max-width: 300px) 100vw, 300px\" \/>\t\t\t\t\t\t\t\t\t\t\t\t\t\t\t<\/div>\n\t\t\t\t<div class=\"elementor-element elementor-element-6940ed7 elementor-widget elementor-widget-text-editor\" data-id=\"6940ed7\" data-element_type=\"widget\" data-e-type=\"widget\" data-widget_type=\"text-editor.default\">\n\t\t\t\t\t\t\t\t\t<p><strong>MART\u00cdN<\/strong> es una l\u00ednea de vinos enfocados en explorar la creatividad y la b\u00fasqueda de un nuevo estilo de vino chileno. Estos vinos se elaboran centr\u00e1ndose enosar en la forma, refrescando el ambiente, y honrando el origen, el terroir \u00fanico detr\u00e1s de cada vino.<\/p>\t\t\t\t\t\t\t\t<\/div>\n\t\t\t\t<\/div>\n\t\t<div class=\"elementor-element elementor-element-856cbc0 e-con-full e-flex e-con e-child\" data-id=\"856cbc0\" data-element_type=\"container\" data-e-type=\"container\" data-settings=\"{&quot;jet_parallax_layout_list&quot;:[]}\">\n\t\t\t\t<div class=\"elementor-element elementor-element-08a798e elementor-widget elementor-widget-image\" data-id=\"08a798e\" data-element_type=\"widget\" data-e-type=\"widget\" data-widget_type=\"image.default\">\n\t\t\t\t\t\t\t\t\t\t\t\t\t\t\t<img decoding=\"async\" width=\"300\" height=\"300\" src=\"https:\/\/cuatroalmaswines.com\/wp-content\/uploads\/2025\/11\/etiqueta-4-300x300-1.png\" class=\"attachment-large size-large wp-image-577\" alt=\"\" srcset=\"https:\/\/cuatroalmaswines.com\/wp-content\/uploads\/2025\/11\/etiqueta-4-300x300-1.png.webp 300w, https:\/\/cuatroalmaswines.com\/wp-content\/uploads\/2025\/11\/etiqueta-4-300x300-1-150x150.png.webp 150w, https:\/\/cuatroalmaswines.com\/wp-content\/uploads\/2025\/11\/etiqueta-4-300x300-1-100x100.png.webp 100w\" sizes=\"(max-width: 300px) 100vw, 300px\" \/>\t\t\t\t\t\t\t\t\t\t\t\t\t\t\t<\/div>\n\t\t\t\t<div class=\"elementor-element elementor-element-01443b1 elementor-widget elementor-widget-text-editor\" data-id=\"01443b1\" data-element_type=\"widget\" data-e-type=\"widget\" data-widget_type=\"text-editor.default\">\n\t\t\t\t\t\t\t\t\t<p>Descubre<strong> ISIDORA,<\/strong> una l\u00ednea de vinos vibrantes que captura la potencia y frescura del oc\u00e9ano Pac\u00edfico. Cada uva es cuidadosamente cultivada, cosechada y seleccionada para resaltar la pureza de la fruta, preservando su acidez, intensidad y car\u00e1cter \u00fanico en cada copa.<\/p>\t\t\t\t\t\t\t\t<\/div>\n\t\t\t\t<\/div>\n\t\t<div class=\"elementor-element elementor-element-70a2086 e-con-full e-flex e-con e-child\" data-id=\"70a2086\" data-element_type=\"container\" data-e-type=\"container\" data-settings=\"{&quot;jet_parallax_layout_list&quot;:[]}\">\n\t\t\t\t<div class=\"elementor-element elementor-element-0f3bd4f elementor-widget elementor-widget-image\" data-id=\"0f3bd4f\" data-element_type=\"widget\" data-e-type=\"widget\" data-widget_type=\"image.default\">\n\t\t\t\t\t\t\t\t\t\t\t\t\t\t\t<img decoding=\"async\" width=\"300\" height=\"300\" src=\"https:\/\/cuatroalmaswines.com\/wp-content\/uploads\/2025\/11\/etiqueta-1-300x300-1.png\" class=\"attachment-large size-large wp-image-580\" alt=\"\" srcset=\"https:\/\/cuatroalmaswines.com\/wp-content\/uploads\/2025\/11\/etiqueta-1-300x300-1.png.webp 300w, https:\/\/cuatroalmaswines.com\/wp-content\/uploads\/2025\/11\/etiqueta-1-300x300-1-150x150.png.webp 150w, https:\/\/cuatroalmaswines.com\/wp-content\/uploads\/2025\/11\/etiqueta-1-300x300-1-100x100.png.webp 100w\" sizes=\"(max-width: 300px) 100vw, 300px\" \/>\t\t\t\t\t\t\t\t\t\t\t\t\t\t\t<\/div>\n\t\t\t\t<div class=\"elementor-element elementor-element-c225698 elementor-widget elementor-widget-text-editor\" data-id=\"c225698\" data-element_type=\"widget\" data-e-type=\"widget\" data-widget_type=\"text-editor.default\">\n\t\t\t\t\t\t\t\t\t<p>Los vinos de la l\u00ednea <strong>ANTONIA<\/strong> destacan por su elegancia, estructura y complejidad. Nacen en vi\u00f1edos al pie de los Andes, donde la amplitud t\u00e9rmica y los vientos fr\u00edos conservan su acidez natural, logrando un equilibrio y un car\u00e1cter \u00fanicos.<\/p>\t\t\t\t\t\t\t\t<\/div>\n\t\t\t\t<\/div>\n\t\t<div class=\"elementor-element elementor-element-f61ec57 e-con-full e-flex e-con e-child\" data-id=\"f61ec57\" data-element_type=\"container\" data-e-type=\"container\" data-settings=\"{&quot;jet_parallax_layout_list&quot;:[]}\">\n\t\t\t\t<div class=\"elementor-element elementor-element-c25c6bc elementor-widget elementor-widget-image\" data-id=\"c25c6bc\" data-element_type=\"widget\" data-e-type=\"widget\" data-widget_type=\"image.default\">\n\t\t\t\t\t\t\t\t\t\t\t\t\t\t\t<img loading=\"lazy\" decoding=\"async\" width=\"300\" height=\"300\" src=\"https:\/\/cuatroalmaswines.com\/wp-content\/uploads\/2025\/11\/etiqueta-3-300x300-1.png\" class=\"attachment-large size-large wp-image-578\" alt=\"\" srcset=\"https:\/\/cuatroalmaswines.com\/wp-content\/uploads\/2025\/11\/etiqueta-3-300x300-1.png.webp 300w, https:\/\/cuatroalmaswines.com\/wp-content\/uploads\/2025\/11\/etiqueta-3-300x300-1-150x150.png.webp 150w, https:\/\/cuatroalmaswines.com\/wp-content\/uploads\/2025\/11\/etiqueta-3-300x300-1-100x100.png.webp 100w\" sizes=\"(max-width: 300px) 100vw, 300px\" \/>\t\t\t\t\t\t\t\t\t\t\t\t\t\t\t<\/div>\n\t\t\t\t<div class=\"elementor-element elementor-element-13c7b1f elementor-widget elementor-widget-text-editor\" data-id=\"13c7b1f\" data-element_type=\"widget\" data-e-type=\"widget\" data-widget_type=\"text-editor.default\">\n\t\t\t\t\t\t\t\t\t<p><strong>JAVIERA<\/strong> celebra la uni\u00f3n profunda con la tierra a trav\u00e9s de vinos que expresan pureza, equilibrio y respeto por la naturaleza. Nacen en vi\u00f1edos trabajados con pr\u00e1cticas sostenibles, donde la biodiversidad y el cuidado del entorno gu\u00edan cada decisi\u00f3n, dando como resultado una frescura y una identidad aut\u00e9ntica.<\/p>\t\t\t\t\t\t\t\t<\/div>\n\t\t\t\t<\/div>\n\t\t\t\t\t<\/div>\n\t\t\t\t<\/div>\n\t\t<div class=\"elementor-element elementor-element-33ee7dd e-flex e-con-boxed e-con e-parent\" data-id=\"33ee7dd\" data-element_type=\"container\" data-e-type=\"container\" data-settings=\"{&quot;background_background&quot;:&quot;classic&quot;,&quot;jet_parallax_layout_list&quot;:[]}\">\n\t\t\t\t\t<div class=\"e-con-inner\">\n\t\t<div class=\"elementor-element elementor-element-ab851d0 e-con-full e-flex e-con e-child\" data-id=\"ab851d0\" data-element_type=\"container\" data-e-type=\"container\" data-settings=\"{&quot;jet_parallax_layout_list&quot;:[]}\">\n\t\t\t\t<div class=\"elementor-element elementor-element-6e6163e elementor-widget elementor-widget-heading\" data-id=\"6e6163e\" data-element_type=\"widget\" data-e-type=\"widget\" data-widget_type=\"heading.default\">\n\t\t\t\t\t<h2 class=\"elementor-heading-title elementor-size-default\">Una familia, un legado<\/h2>\t\t\t\t<\/div>\n\t\t\t\t<div class=\"elementor-element elementor-element-c79e880 elementor-widget elementor-widget-text-editor\" data-id=\"c79e880\" data-element_type=\"widget\" data-e-type=\"widget\" data-widget_type=\"text-editor.default\">\n\t\t\t\t\t\t\t\t\t<p>El coraz\u00f3n de Cuatro Almas late en la uni\u00f3n familiar. Cada paso del camino refleja nuestra historia compartida y el deseo de transformar la vida en celebraci\u00f3n.<\/p>\t\t\t\t\t\t\t\t<\/div>\n\t\t\t\t<div class=\"elementor-element elementor-element-f3103cb elementor-widget elementor-widget-heading\" data-id=\"f3103cb\" data-element_type=\"widget\" data-e-type=\"widget\" data-widget_type=\"heading.default\">\n\t\t\t\t\t<h2 class=\"elementor-heading-title elementor-size-default\">Ra\u00edces en Tierra Chilena<\/h2>\t\t\t\t<\/div>\n\t\t\t\t<div class=\"elementor-element elementor-element-01f14c6 elementor-widget elementor-widget-text-editor\" data-id=\"01f14c6\" data-element_type=\"widget\" data-e-type=\"widget\" data-widget_type=\"text-editor.default\">\n\t\t\t\t\t\t\t\t\t<p>Nuestras vi\u00f1as crecen al pie de la Cordillera de los Andes, donde la naturaleza nos ense\u00f1a cada d\u00eda a valorar el origen, la paciencia y la autenticidad.<\/p>\t\t\t\t\t\t\t\t<\/div>\n\t\t\t\t<\/div>\n\t\t<div class=\"elementor-element elementor-element-810a2ae e-con-full e-flex e-con e-child\" data-id=\"810a2ae\" data-element_type=\"container\" data-e-type=\"container\" data-settings=\"{&quot;jet_parallax_layout_list&quot;:[]}\">\n\t\t\t\t<div class=\"elementor-element elementor-element-89e6054 elementor-invisible elementor-widget elementor-widget-heading\" data-id=\"89e6054\" data-element_type=\"widget\" data-e-type=\"widget\" data-settings=\"{&quot;_animation&quot;:&quot;fadeInUp&quot;}\" data-widget_type=\"heading.default\">\n\t\t\t\t\t<h2 class=\"elementor-heading-title elementor-size-default\">\"Cada vino que creamos es una manera de agradecer la vida y honrar las almas que nos inspiran\".<\/h2>\t\t\t\t<\/div>\n\t\t\t\t<\/div>\n\t\t\t\t\t<\/div>\n\t\t\t\t<\/div>\n\t\t<div class=\"elementor-element elementor-element-f9976c1 e-flex e-con-boxed e-con e-parent\" data-id=\"f9976c1\" data-element_type=\"container\" data-e-type=\"container\" data-settings=\"{&quot;jet_parallax_layout_list&quot;:[]}\">\n\t\t\t\t\t<div class=\"e-con-inner\">\n\t\t\t\t<div class=\"elementor-element elementor-element-94cf988 elementor-widget elementor-widget-image\" data-id=\"94cf988\" data-element_type=\"widget\" data-e-type=\"widget\" data-widget_type=\"image.default\">\n\t\t\t\t\t\t\t\t\t\t\t\t\t\t\t<img loading=\"lazy\" decoding=\"async\" width=\"32\" height=\"44\" src=\"https:\/\/cuatroalmaswines.com\/wp-content\/uploads\/2025\/11\/grape-icon.png\" class=\"attachment-large size-large wp-image-65\" alt=\"\" \/>\t\t\t\t\t\t\t\t\t\t\t\t\t\t\t<\/div>\n\t\t\t\t<div class=\"elementor-element elementor-element-ecf1e00 elementor-invisible elementor-widget elementor-widget-heading\" data-id=\"ecf1e00\" data-element_type=\"widget\" data-e-type=\"widget\" data-settings=\"{&quot;_animation&quot;:&quot;fadeIn&quot;}\" data-widget_type=\"heading.default\">\n\t\t\t\t\t<h2 class=\"elementor-heading-title elementor-size-default\">\"Al elegirnos, no solo compartes un vino: compartes una historia de amor, resiliencia y esperanza. En cada botella, una memoria viva. En cada copa, el alma de quienes nos inspiran a seguir so\u00f1ando.\".<\/h2>\t\t\t\t<\/div>\n\t\t\t\t\t<\/div>\n\t\t\t\t<\/div>\n\t\t\t\t<\/div>\n\t\t","protected":false},"excerpt":{"rendered":"<p>Nuestra historia Nosotros Nuestra historia comienza en familia y se escribe con el coraz\u00f3n. En Cuatro Almas, elaboramos vinos que hablan de lo que somos: amor, aprendizaje y gratitud por la vida que celebramos en cada brindis. Un Vino que Trasciende En 2016, naci\u00f3 Cuatro Almas, un tributo profundo y lleno de vida a nuestros [&hellip;]<\/p>\n","protected":false},"author":1,"featured_media":0,"parent":0,"menu_order":0,"comment_status":"closed","ping_status":"closed","template":"","meta":{"footnotes":""},"class_list":["post-259","page","type-page","status-publish","hentry"],"_links":{"self":[{"href":"https:\/\/cuatroalmaswines.com\/en\/wp-json\/wp\/v2\/pages\/259","targetHints":{"allow":["GET"]}}],"collection":[{"href":"https:\/\/cuatroalmaswines.com\/en\/wp-json\/wp\/v2\/pages"}],"about":[{"href":"https:\/\/cuatroalmaswines.com\/en\/wp-json\/wp\/v2\/types\/page"}],"author":[{"embeddable":true,"href":"https:\/\/cuatroalmaswines.com\/en\/wp-json\/wp\/v2\/users\/1"}],"replies":[{"embeddable":true,"href":"https:\/\/cuatroalmaswines.com\/en\/wp-json\/wp\/v2\/comments?post=259"}],"version-history":[{"count":142,"href":"https:\/\/cuatroalmaswines.com\/en\/wp-json\/wp\/v2\/pages\/259\/revisions"}],"predecessor-version":[{"id":2037,"href":"https:\/\/cuatroalmaswines.com\/en\/wp-json\/wp\/v2\/pages\/259\/revisions\/2037"}],"wp:attachment":[{"href":"https:\/\/cuatroalmaswines.com\/en\/wp-json\/wp\/v2\/media?parent=259"}],"curies":[{"name":"wp","href":"https:\/\/api.w.org\/{rel}","templated":true}]}}