{"id":774,"date":"2025-11-09T19:41:09","date_gmt":"2025-11-09T19:41:09","guid":{"rendered":"https:\/\/kaizaweb.com.ar\/?page_id=774"},"modified":"2025-11-26T19:10:50","modified_gmt":"2025-11-26T19:10:50","slug":"tributo","status":"publish","type":"page","link":"https:\/\/cuatroalmaswines.com\/en\/nuestros-vinos\/tributo\/","title":{"rendered":"Tribute"},"content":{"rendered":"<div data-elementor-type=\"wp-page\" data-elementor-id=\"774\" class=\"elementor elementor-774\">\n\t\t\t\t<div class=\"elementor-element elementor-element-a840bf1 e-flex e-con-boxed e-con e-parent\" data-id=\"a840bf1\" data-element_type=\"container\" data-e-type=\"container\" data-settings=\"{&quot;background_background&quot;:&quot;classic&quot;,&quot;jet_parallax_layout_list&quot;:[]}\">\n\t\t\t\t\t<div class=\"e-con-inner\">\n\t\t<div class=\"elementor-element elementor-element-e2b6e23 e-con-full e-flex e-con e-child\" data-id=\"e2b6e23\" data-element_type=\"container\" data-e-type=\"container\" data-settings=\"{&quot;jet_parallax_layout_list&quot;:[]}\">\n\t\t\t\t<div class=\"elementor-element elementor-element-3d486ce elementor-widget elementor-widget-heading\" data-id=\"3d486ce\" data-element_type=\"widget\" data-e-type=\"widget\" data-widget_type=\"heading.default\">\n\t\t\t\t\t<p class=\"elementor-heading-title elementor-size-default\">Nuestros vinos<\/p>\t\t\t\t<\/div>\n\t\t\t\t<div class=\"elementor-element elementor-element-3af949c elementor-widget elementor-widget-heading\" data-id=\"3af949c\" data-element_type=\"widget\" data-e-type=\"widget\" data-widget_type=\"heading.default\">\n\t\t\t\t\t<h1 class=\"elementor-heading-title elementor-size-default\">Tribute<\/h1>\t\t\t\t<\/div>\n\t\t\t\t<div class=\"elementor-element elementor-element-beb74f7 elementor-widget__width-initial elementor-widget elementor-widget-text-editor\" data-id=\"beb74f7\" data-element_type=\"widget\" data-e-type=\"widget\" data-widget_type=\"text-editor.default\">\n\t\t\t\t\t\t\t\t\t<p>Un vino nacido de suelos pedregosos y profundos del Maipo Alto. De color rojo intenso y notas a moras, ciruelas y roble franc\u00e9s, se destaca por su estructura, equilibrio y final largo y redondo.<\/p>\t\t\t\t\t\t\t\t<\/div>\n\t\t\t\t<\/div>\n\t\t\t\t\t<\/div>\n\t\t\t\t<\/div>\n\t\t<div class=\"elementor-element elementor-element-50e5d5c e-flex e-con-boxed e-con e-parent\" data-id=\"50e5d5c\" data-element_type=\"container\" data-e-type=\"container\" data-settings=\"{&quot;jet_parallax_layout_list&quot;:[]}\">\n\t\t\t\t\t<div class=\"e-con-inner\">\n\t\t<div class=\"elementor-element elementor-element-5e9733c e-con-full e-flex e-con e-child\" data-id=\"5e9733c\" data-element_type=\"container\" data-e-type=\"container\" data-settings=\"{&quot;jet_parallax_layout_list&quot;:[]}\">\n\t\t\t\t<div class=\"elementor-element elementor-element-31099c7 elementor-widget elementor-widget-heading\" data-id=\"31099c7\" data-element_type=\"widget\" data-e-type=\"widget\" data-widget_type=\"heading.default\">\n\t\t\t\t\t<p class=\"elementor-heading-title elementor-size-default\">2017<\/p>\t\t\t\t<\/div>\n\t\t\t\t<div class=\"elementor-element elementor-element-32ca46b elementor-widget elementor-widget-heading\" data-id=\"32ca46b\" data-element_type=\"widget\" data-e-type=\"widget\" data-widget_type=\"heading.default\">\n\t\t\t\t\t<h2 class=\"elementor-heading-title elementor-size-default\">100% Cabernet Sauvignon<\/h2>\t\t\t\t<\/div>\n\t\t\t\t<div class=\"elementor-element elementor-element-ff7a8bd elementor-widget elementor-widget-heading\" data-id=\"ff7a8bd\" data-element_type=\"widget\" data-e-type=\"widget\" data-widget_type=\"heading.default\">\n\t\t\t\t\t<h2 class=\"elementor-heading-title elementor-size-default\">Maridaje: Carnes rojas, pierna de cordero al horno y jabal\u00ed marinado.<\/h2>\t\t\t\t<\/div>\n\t\t\t\t<div class=\"elementor-element elementor-element-be19c4d elementor-widget elementor-widget-image\" data-id=\"be19c4d\" data-element_type=\"widget\" data-e-type=\"widget\" data-widget_type=\"image.default\">\n\t\t\t\t\t\t\t\t\t\t\t\t\t\t\t<img fetchpriority=\"high\" decoding=\"async\" width=\"432\" height=\"776\" src=\"https:\/\/cuatroalmaswines.com\/wp-content\/uploads\/2025\/11\/Generated-Image-November-06-2025-12_55PM-1-1.png\" class=\"attachment-1536x1536 size-1536x1536 wp-image-198\" alt=\"\" srcset=\"https:\/\/cuatroalmaswines.com\/wp-content\/uploads\/2025\/11\/Generated-Image-November-06-2025-12_55PM-1-1.png 432w, https:\/\/cuatroalmaswines.com\/wp-content\/uploads\/2025\/11\/Generated-Image-November-06-2025-12_55PM-1-1-167x300.png 167w\" sizes=\"(max-width: 432px) 100vw, 432px\" \/>\t\t\t\t\t\t\t\t\t\t\t\t\t\t\t<\/div>\n\t\t\t\t<\/div>\n\t\t<div class=\"elementor-element elementor-element-c40dc69 e-con-full e-flex e-con e-child\" data-id=\"c40dc69\" data-element_type=\"container\" data-e-type=\"container\" data-settings=\"{&quot;jet_parallax_layout_list&quot;:[]}\">\n\t\t\t\t<div class=\"elementor-element elementor-element-3b9eb05 elementor-widget-divider--view-line elementor-widget elementor-widget-divider\" data-id=\"3b9eb05\" data-element_type=\"widget\" data-e-type=\"widget\" data-widget_type=\"divider.default\">\n\t\t\t\t\t\t\t<div class=\"elementor-divider\">\n\t\t\t<span class=\"elementor-divider-separator\">\n\t\t\t\t\t\t<\/span>\n\t\t<\/div>\n\t\t\t\t\t\t<\/div>\n\t\t\t\t<div class=\"elementor-element elementor-element-e17bbb9 elementor-widget elementor-widget-heading\" data-id=\"e17bbb9\" data-element_type=\"widget\" data-e-type=\"widget\" data-widget_type=\"heading.default\">\n\t\t\t\t\t<h2 class=\"elementor-heading-title elementor-size-default\">Suelo<\/h2>\t\t\t\t<\/div>\n\t\t\t\t<div class=\"elementor-element elementor-element-0baef57 elementor-widget elementor-widget-text-editor\" data-id=\"0baef57\" data-element_type=\"widget\" data-e-type=\"widget\" data-widget_type=\"text-editor.default\">\n\t\t\t\t\t\t\t\t\t<p>Pedregoso, de origen aluvial y profundos, superiores a los 2 metros. Buen drenaje y buena exploraci\u00f3n de ra\u00edces. Sobre los 2 metros.<\/p>\t\t\t\t\t\t\t\t<\/div>\n\t\t\t\t<div class=\"elementor-element elementor-element-90cc0e5 elementor-widget-divider--view-line elementor-widget elementor-widget-divider\" data-id=\"90cc0e5\" data-element_type=\"widget\" data-e-type=\"widget\" data-widget_type=\"divider.default\">\n\t\t\t\t\t\t\t<div class=\"elementor-divider\">\n\t\t\t<span class=\"elementor-divider-separator\">\n\t\t\t\t\t\t<\/span>\n\t\t<\/div>\n\t\t\t\t\t\t<\/div>\n\t\t\t\t<div class=\"elementor-element elementor-element-ba7c063 elementor-widget elementor-widget-heading\" data-id=\"ba7c063\" data-element_type=\"widget\" data-e-type=\"widget\" data-widget_type=\"heading.default\">\n\t\t\t\t\t<h2 class=\"elementor-heading-title elementor-size-default\">Clima<\/h2>\t\t\t\t<\/div>\n\t\t\t\t<div class=\"elementor-element elementor-element-d8f18a3 elementor-widget elementor-widget-text-editor\" data-id=\"d8f18a3\" data-element_type=\"widget\" data-e-type=\"widget\" data-widget_type=\"text-editor.default\">\n\t\t\t\t\t\t\t\t\t<p>El clima mediterr\u00e1neo de Chile combina el calor, veranos secos e inviernos fr\u00edos y lluviosos. Lo que es ideal para las vides. La reciprocidad entre los efectos del oc\u00e9ano pacifico y la cordillera de los Andes da como consecuencia una temporada de crecimiento con d\u00edas soleados y noches fr\u00edas, lo que forma la oscilaci\u00f3n t\u00e9rmica precisa para producir vinos de calidad.<\/p>\t\t\t\t\t\t\t\t<\/div>\n\t\t\t\t<div class=\"elementor-element elementor-element-0cc2835 elementor-widget-divider--view-line elementor-widget elementor-widget-divider\" data-id=\"0cc2835\" data-element_type=\"widget\" data-e-type=\"widget\" data-widget_type=\"divider.default\">\n\t\t\t\t\t\t\t<div class=\"elementor-divider\">\n\t\t\t<span class=\"elementor-divider-separator\">\n\t\t\t\t\t\t<\/span>\n\t\t<\/div>\n\t\t\t\t\t\t<\/div>\n\t\t\t\t<div class=\"elementor-element elementor-element-596ddfc elementor-widget elementor-widget-heading\" data-id=\"596ddfc\" data-element_type=\"widget\" data-e-type=\"widget\" data-widget_type=\"heading.default\">\n\t\t\t\t\t<h2 class=\"elementor-heading-title elementor-size-default\">Cosecha<\/h2>\t\t\t\t<\/div>\n\t\t\t\t<div class=\"elementor-element elementor-element-8321ba5 elementor-widget elementor-widget-text-editor\" data-id=\"8321ba5\" data-element_type=\"widget\" data-e-type=\"widget\" data-widget_type=\"text-editor.default\">\n\t\t\t\t\t\t\t\t\t<p>Las condiciones clim\u00e1ticas de la temporada se caracterizaron por una escasez de precipitaciones invernales, aumento sostenido de las temperaturas a partir de la primavera y muy altas temperaturas durante la maduraci\u00f3n.Estas condiciones gatillaron la heterogeneidad en el inicio del envero y luego en la maduraci\u00f3n. En Maipo alto se registr\u00f3 un adelanto en el inicio de cosecha de entre dos a cuatro semanas. Los rendimientos productivos fueron m\u00e1s bajos que lo normal y como consecuencia la calidad global de los vinos obtenidos es sobresalaliente.<\/p>\t\t\t\t\t\t\t\t<\/div>\n\t\t\t\t<div class=\"elementor-element elementor-element-ea57c0b elementor-widget-divider--view-line elementor-widget elementor-widget-divider\" data-id=\"ea57c0b\" data-element_type=\"widget\" data-e-type=\"widget\" data-widget_type=\"divider.default\">\n\t\t\t\t\t\t\t<div class=\"elementor-divider\">\n\t\t\t<span class=\"elementor-divider-separator\">\n\t\t\t\t\t\t<\/span>\n\t\t<\/div>\n\t\t\t\t\t\t<\/div>\n\t\t\t\t<div class=\"elementor-element elementor-element-18a6545 elementor-widget elementor-widget-heading\" data-id=\"18a6545\" data-element_type=\"widget\" data-e-type=\"widget\" data-widget_type=\"heading.default\">\n\t\t\t\t\t<h2 class=\"elementor-heading-title elementor-size-default\">Notas de cata<\/h2>\t\t\t\t<\/div>\n\t\t\t\t<div class=\"elementor-element elementor-element-9ca3445 elementor-widget elementor-widget-text-editor\" data-id=\"9ca3445\" data-element_type=\"widget\" data-e-type=\"widget\" data-widget_type=\"text-editor.default\">\n\t\t\t\t\t\t\t\t\t<p>Este vino muestra un color rojo intenso con notas purpuras. En nariz predomina la fruta, especialmente moras y ciruelas, aunque tambi\u00e9n se perciben especias y finalmente elegante roble freances. En boca es muy estructurado, con acidez media alta y fruta, seguida de elegantes y persistentes taninos. El final es largo y redondo<\/p>\t\t\t\t\t\t\t\t<\/div>\n\t\t\t\t<div class=\"elementor-element elementor-element-9b71252 elementor-align-left elementor-mobile-align-justify elementor-widget elementor-widget-button\" data-id=\"9b71252\" data-element_type=\"widget\" data-e-type=\"widget\" data-widget_type=\"button.default\">\n\t\t\t\t\t\t\t\t\t\t<a class=\"elementor-button elementor-button-link elementor-size-md\" href=\"https:\/\/cuatroalmaswines.com\/en\/our-wines\/\">\n\t\t\t\t\t\t<span class=\"elementor-button-content-wrapper\">\n\t\t\t\t\t\t\t\t\t<span class=\"elementor-button-text\">cOMPRAR<\/span>\n\t\t\t\t\t<\/span>\n\t\t\t\t\t<\/a>\n\t\t\t\t\t\t\t\t<\/div>\n\t\t\t\t<\/div>\n\t\t\t\t\t<\/div>\n\t\t\t\t<\/div>\n\t\t<div class=\"elementor-element elementor-element-eb423eb e-flex e-con-boxed e-con e-parent\" data-id=\"eb423eb\" data-element_type=\"container\" data-e-type=\"container\" data-settings=\"{&quot;jet_parallax_layout_list&quot;:[]}\">\n\t\t\t\t\t<div class=\"e-con-inner\">\n\t\t\t\t<div class=\"elementor-element elementor-element-8f8e841 elementor-widget-divider--view-line elementor-widget elementor-widget-divider\" data-id=\"8f8e841\" data-element_type=\"widget\" data-e-type=\"widget\" data-widget_type=\"divider.default\">\n\t\t\t\t\t\t\t<div class=\"elementor-divider\">\n\t\t\t<span class=\"elementor-divider-separator\">\n\t\t\t\t\t\t<\/span>\n\t\t<\/div>\n\t\t\t\t\t\t<\/div>\n\t\t\t\t\t<\/div>\n\t\t\t\t<\/div>\n\t\t<div class=\"elementor-element elementor-element-aa65507 e-flex e-con-boxed e-con e-parent\" data-id=\"aa65507\" data-element_type=\"container\" data-e-type=\"container\" data-settings=\"{&quot;jet_parallax_layout_list&quot;:[]}\">\n\t\t\t\t\t<div class=\"e-con-inner\">\n\t\t<div class=\"elementor-element elementor-element-f216afb e-con-full e-flex e-con e-child\" data-id=\"f216afb\" data-element_type=\"container\" data-e-type=\"container\" data-settings=\"{&quot;jet_parallax_layout_list&quot;:[]}\">\n\t\t<div class=\"elementor-element elementor-element-b0a83c6 e-con-full e-flex e-con e-child\" data-id=\"b0a83c6\" data-element_type=\"container\" data-e-type=\"container\" data-settings=\"{&quot;jet_parallax_layout_list&quot;:[]}\">\n\t\t\t\t<div class=\"elementor-element elementor-element-56db37f elementor-widget-divider--view-line elementor-widget elementor-widget-divider\" data-id=\"56db37f\" data-element_type=\"widget\" data-e-type=\"widget\" data-widget_type=\"divider.default\">\n\t\t\t\t\t\t\t<div class=\"elementor-divider\">\n\t\t\t<span class=\"elementor-divider-separator\">\n\t\t\t\t\t\t<\/span>\n\t\t<\/div>\n\t\t\t\t\t\t<\/div>\n\t\t\t\t<div class=\"elementor-element elementor-element-dbd230c elementor-widget__width-inherit elementor-widget elementor-widget-heading\" data-id=\"dbd230c\" data-element_type=\"widget\" data-e-type=\"widget\" data-widget_type=\"heading.default\">\n\t\t\t\t\t<p class=\"elementor-heading-title elementor-size-default\">DENOMINACI\u00d3N DE ORIGEN<\/p>\t\t\t\t<\/div>\n\t\t\t\t<div class=\"elementor-element elementor-element-3e4a78a elementor-widget elementor-widget-heading\" data-id=\"3e4a78a\" data-element_type=\"widget\" data-e-type=\"widget\" data-widget_type=\"heading.default\">\n\t\t\t\t\t<p class=\"elementor-heading-title elementor-size-default\">Maipo Valley<\/p>\t\t\t\t<\/div>\n\t\t\t\t<\/div>\n\t\t\t\t<\/div>\n\t\t<div class=\"elementor-element elementor-element-6db4ca5 e-con-full e-flex e-con e-child\" data-id=\"6db4ca5\" data-element_type=\"container\" data-e-type=\"container\" data-settings=\"{&quot;jet_parallax_layout_list&quot;:[]}\">\n\t\t<div class=\"elementor-element elementor-element-a5ec297 e-con-full e-flex e-con e-child\" data-id=\"a5ec297\" data-element_type=\"container\" data-e-type=\"container\" data-settings=\"{&quot;jet_parallax_layout_list&quot;:[]}\">\n\t\t\t\t<div class=\"elementor-element elementor-element-6a335b4 elementor-widget-divider--view-line elementor-widget elementor-widget-divider\" data-id=\"6a335b4\" data-element_type=\"widget\" data-e-type=\"widget\" data-widget_type=\"divider.default\">\n\t\t\t\t\t\t\t<div class=\"elementor-divider\">\n\t\t\t<span class=\"elementor-divider-separator\">\n\t\t\t\t\t\t<\/span>\n\t\t<\/div>\n\t\t\t\t\t\t<\/div>\n\t\t\t\t<div class=\"elementor-element elementor-element-6bf2954 elementor-widget__width-inherit elementor-widget elementor-widget-heading\" data-id=\"6bf2954\" data-element_type=\"widget\" data-e-type=\"widget\" data-widget_type=\"heading.default\">\n\t\t\t\t\t<p class=\"elementor-heading-title elementor-size-default\">COSECHA<\/p>\t\t\t\t<\/div>\n\t\t\t\t<div class=\"elementor-element elementor-element-8b067d1 elementor-widget elementor-widget-heading\" data-id=\"8b067d1\" data-element_type=\"widget\" data-e-type=\"widget\" data-widget_type=\"heading.default\">\n\t\t\t\t\t<p class=\"elementor-heading-title elementor-size-default\">Manual en cajas de 10 Kilos<\/p>\t\t\t\t<\/div>\n\t\t\t\t<\/div>\n\t\t\t\t<\/div>\n\t\t<div class=\"elementor-element elementor-element-2806dc4 e-con-full e-flex e-con e-child\" data-id=\"2806dc4\" data-element_type=\"container\" data-e-type=\"container\" data-settings=\"{&quot;jet_parallax_layout_list&quot;:[]}\">\n\t\t<div class=\"elementor-element elementor-element-846bc7b e-con-full e-flex e-con e-child\" data-id=\"846bc7b\" data-element_type=\"container\" data-e-type=\"container\" data-settings=\"{&quot;jet_parallax_layout_list&quot;:[]}\">\n\t\t\t\t<div class=\"elementor-element elementor-element-6a74518 elementor-widget-divider--view-line elementor-widget elementor-widget-divider\" data-id=\"6a74518\" data-element_type=\"widget\" data-e-type=\"widget\" data-widget_type=\"divider.default\">\n\t\t\t\t\t\t\t<div class=\"elementor-divider\">\n\t\t\t<span class=\"elementor-divider-separator\">\n\t\t\t\t\t\t<\/span>\n\t\t<\/div>\n\t\t\t\t\t\t<\/div>\n\t\t\t\t<div class=\"elementor-element elementor-element-e429f21 elementor-widget__width-inherit elementor-widget elementor-widget-heading\" data-id=\"e429f21\" data-element_type=\"widget\" data-e-type=\"widget\" data-widget_type=\"heading.default\">\n\t\t\t\t\t<p class=\"elementor-heading-title elementor-size-default\">MADURACI\u00d3N EN BARRICAS<\/p>\t\t\t\t<\/div>\n\t\t\t\t<div class=\"elementor-element elementor-element-b591f67 elementor-widget elementor-widget-heading\" data-id=\"b591f67\" data-element_type=\"widget\" data-e-type=\"widget\" data-widget_type=\"heading.default\">\n\t\t\t\t\t<p class=\"elementor-heading-title elementor-size-default\">18 meses<\/p>\t\t\t\t<\/div>\n\t\t\t\t<\/div>\n\t\t\t\t<\/div>\n\t\t<div class=\"elementor-element elementor-element-989377c e-con-full e-flex e-con e-child\" data-id=\"989377c\" data-element_type=\"container\" data-e-type=\"container\" data-settings=\"{&quot;jet_parallax_layout_list&quot;:[]}\">\n\t\t<div class=\"elementor-element elementor-element-b7c920c e-con-full e-flex e-con e-child\" data-id=\"b7c920c\" data-element_type=\"container\" data-e-type=\"container\" data-settings=\"{&quot;jet_parallax_layout_list&quot;:[]}\">\n\t\t\t\t<div class=\"elementor-element elementor-element-4f9e9ec elementor-widget-divider--view-line elementor-widget elementor-widget-divider\" data-id=\"4f9e9ec\" data-element_type=\"widget\" data-e-type=\"widget\" data-widget_type=\"divider.default\">\n\t\t\t\t\t\t\t<div class=\"elementor-divider\">\n\t\t\t<span class=\"elementor-divider-separator\">\n\t\t\t\t\t\t<\/span>\n\t\t<\/div>\n\t\t\t\t\t\t<\/div>\n\t\t\t\t<div class=\"elementor-element elementor-element-015c4df elementor-widget__width-inherit elementor-widget elementor-widget-heading\" data-id=\"015c4df\" data-element_type=\"widget\" data-e-type=\"widget\" data-widget_type=\"heading.default\">\n\t\t\t\t\t<p class=\"elementor-heading-title elementor-size-default\">FERMENTACI\u00d3N<\/p>\t\t\t\t<\/div>\n\t\t\t\t<div class=\"elementor-element elementor-element-2bd6b8c elementor-widget elementor-widget-heading\" data-id=\"2bd6b8c\" data-element_type=\"widget\" data-e-type=\"widget\" data-widget_type=\"heading.default\">\n\t\t\t\t\t<p class=\"elementor-heading-title elementor-size-default\">28\u00baC<\/p>\t\t\t\t<\/div>\n\t\t\t\t<\/div>\n\t\t\t\t<\/div>\n\t\t<div class=\"elementor-element elementor-element-335739c e-con-full e-flex e-con e-child\" data-id=\"335739c\" data-element_type=\"container\" data-e-type=\"container\" data-settings=\"{&quot;jet_parallax_layout_list&quot;:[]}\">\n\t\t<div class=\"elementor-element elementor-element-c16fd63 e-con-full e-flex e-con e-child\" data-id=\"c16fd63\" data-element_type=\"container\" data-e-type=\"container\" data-settings=\"{&quot;jet_parallax_layout_list&quot;:[]}\">\n\t\t\t\t<div class=\"elementor-element elementor-element-475fac9 elementor-widget-divider--view-line elementor-widget elementor-widget-divider\" data-id=\"475fac9\" data-element_type=\"widget\" data-e-type=\"widget\" data-widget_type=\"divider.default\">\n\t\t\t\t\t\t\t<div class=\"elementor-divider\">\n\t\t\t<span class=\"elementor-divider-separator\">\n\t\t\t\t\t\t<\/span>\n\t\t<\/div>\n\t\t\t\t\t\t<\/div>\n\t\t\t\t<div class=\"elementor-element elementor-element-3f4b5bb elementor-widget__width-inherit elementor-widget elementor-widget-heading\" data-id=\"3f4b5bb\" data-element_type=\"widget\" data-e-type=\"widget\" data-widget_type=\"heading.default\">\n\t\t\t\t\t<p class=\"elementor-heading-title elementor-size-default\">ALCOHOL<\/p>\t\t\t\t<\/div>\n\t\t\t\t<div class=\"elementor-element elementor-element-ca43636 elementor-widget elementor-widget-heading\" data-id=\"ca43636\" data-element_type=\"widget\" data-e-type=\"widget\" data-widget_type=\"heading.default\">\n\t\t\t\t\t<p class=\"elementor-heading-title elementor-size-default\">14% vol.<\/p>\t\t\t\t<\/div>\n\t\t\t\t<\/div>\n\t\t\t\t<\/div>\n\t\t\t\t\t<\/div>\n\t\t\t\t<\/div>\n\t\t<div class=\"elementor-element elementor-element-a4baf26 e-flex e-con-boxed e-con e-parent\" data-id=\"a4baf26\" data-element_type=\"container\" data-e-type=\"container\" data-settings=\"{&quot;jet_parallax_layout_list&quot;:[]}\">\n\t\t\t\t\t<div class=\"e-con-inner\">\n\t\t<div class=\"elementor-element elementor-element-c81357b e-con-full e-flex e-con e-child\" data-id=\"c81357b\" data-element_type=\"container\" data-e-type=\"container\" data-settings=\"{&quot;jet_parallax_layout_list&quot;:[]}\">\n\t\t\t\t<div class=\"elementor-element elementor-element-5b3409d elementor-widget-divider--view-line elementor-widget elementor-widget-divider\" data-id=\"5b3409d\" data-element_type=\"widget\" data-e-type=\"widget\" data-widget_type=\"divider.default\">\n\t\t\t\t\t\t\t<div class=\"elementor-divider\">\n\t\t\t<span class=\"elementor-divider-separator\">\n\t\t\t\t\t\t<\/span>\n\t\t<\/div>\n\t\t\t\t\t\t<\/div>\n\t\t\t\t<\/div>\n\t\t\t\t\t<\/div>\n\t\t\t\t<\/div>\n\t\t\t\t<\/div>","protected":false},"excerpt":{"rendered":"<p>Nuestros vinos Tributo Un vino nacido de suelos pedregosos y profundos del Maipo Alto. De color rojo intenso y notas a moras, ciruelas y roble franc\u00e9s, se destaca por su estructura, equilibrio y final largo y redondo. 2017 100% Cabernet Sauvignon Maridaje: Carnes rojas, pierna de cordero al horno y jabal\u00ed marinado. Suelo Pedregoso, de [&hellip;]<\/p>\n","protected":false},"author":1,"featured_media":0,"parent":254,"menu_order":0,"comment_status":"closed","ping_status":"closed","template":"elementor_header_footer","meta":{"footnotes":""},"class_list":["post-774","page","type-page","status-publish","hentry"],"_links":{"self":[{"href":"https:\/\/cuatroalmaswines.com\/en\/wp-json\/wp\/v2\/pages\/774","targetHints":{"allow":["GET"]}}],"collection":[{"href":"https:\/\/cuatroalmaswines.com\/en\/wp-json\/wp\/v2\/pages"}],"about":[{"href":"https:\/\/cuatroalmaswines.com\/en\/wp-json\/wp\/v2\/types\/page"}],"author":[{"embeddable":true,"href":"https:\/\/cuatroalmaswines.com\/en\/wp-json\/wp\/v2\/users\/1"}],"replies":[{"embeddable":true,"href":"https:\/\/cuatroalmaswines.com\/en\/wp-json\/wp\/v2\/comments?post=774"}],"version-history":[{"count":49,"href":"https:\/\/cuatroalmaswines.com\/en\/wp-json\/wp\/v2\/pages\/774\/revisions"}],"predecessor-version":[{"id":1155,"href":"https:\/\/cuatroalmaswines.com\/en\/wp-json\/wp\/v2\/pages\/774\/revisions\/1155"}],"up":[{"embeddable":true,"href":"https:\/\/cuatroalmaswines.com\/en\/wp-json\/wp\/v2\/pages\/254"}],"wp:attachment":[{"href":"https:\/\/cuatroalmaswines.com\/en\/wp-json\/wp\/v2\/media?parent=774"}],"curies":[{"name":"wp","href":"https:\/\/api.w.org\/{rel}","templated":true}]}}