{"id":312,"date":"2025-11-06T18:49:49","date_gmt":"2025-11-06T18:49:49","guid":{"rendered":"https:\/\/kaizaweb.com.ar\/?post_type=product&#038;p=312"},"modified":"2026-01-31T15:42:01","modified_gmt":"2026-01-31T15:42:01","slug":"sereno-gran-reserva-carmenere","status":"publish","type":"product","link":"https:\/\/cuatroalmaswines.com\/pt\/producto\/sereno-gran-reserva-carmenere\/","title":{"rendered":"Sereno Gran Reserva Carmenere"},"content":{"rendered":"<p class=\"ng-star-inserted\"><span class=\"ng-star-inserted\">Pronto para\u00a0<\/span><strong class=\"ng-star-inserted\"><span class=\"ng-star-inserted\">elevar a conversa<\/span><\/strong><span class=\"ng-star-inserted\">\u00a0ou isso\u00a0<\/span><strong class=\"ng-star-inserted\"><span class=\"ng-star-inserted\">jantar especial improvisado<\/span><\/strong><span class=\"ng-star-inserted\">\u2728 El Sereno Gran Reserva Carmenere \u00e9 muito mais do que um vinho: \u00e9 uma declara\u00e7\u00e3o de inten\u00e7\u00f5es. \u00c9 aquele companheiro sofisticado, por\u00e9m despretensioso, ideal para quando voc\u00ea busca...\u00a0<\/span><strong class=\"ng-star-inserted\"><span class=\"ng-star-inserted\">Profundidade, personalidade e uma hist\u00f3ria para contar.<\/span><\/strong><span class=\"ng-star-inserted\">\u00a0Perfeito para compartilhar com quem aprecia os detalhes que fazem toda a diferen\u00e7a.<\/span><\/p>\n<p class=\"ng-star-inserted\"><span class=\"ng-star-inserted\">Esta n\u00e3o \u00e9 uma Carmenere t\u00edpica. Nascida nos Andes chilenos e\u00a0<\/span><strong class=\"ng-star-inserted\"><span class=\"ng-star-inserted\">Amadurecido pacientemente durante 12 meses em barris de carvalho franc\u00eas.<\/span><\/strong><span class=\"ng-star-inserted\">, Este Gran Reserva ainda tem camadas a serem reveladas. No nariz, espere que\u00a0<\/span><strong class=\"ng-star-inserted\"><span class=\"ng-star-inserted\">fruta preta madura caracter\u00edstica (como ameixas, amoras)<\/span><\/strong><span class=\"ng-star-inserted\">, mas acompanhado por\u00a0<\/span><strong class=\"ng-star-inserted\"><span class=\"ng-star-inserted\">notas picantes elegantes (pimenta-do-reino, talvez um toque de cravo)<\/span><\/strong><span class=\"ng-star-inserted\">\u00a0e um toque sutil de madeira (baunilha, caf\u00e9 mocha). No paladar, \u00e9\u00a0<\/span><strong class=\"ng-star-inserted\"><span class=\"ng-star-inserted\">aveludado, com corpo<\/span><\/strong><span class=\"ng-star-inserted\">, Os taninos est\u00e3o presentes, mas s\u00e3o suaves, e o final longo convida a uma conversa mais aprofundada. \u00c9\u00a0<\/span><strong class=\"ng-star-inserted\"><span class=\"ng-star-inserted\">Intenso, mas gentil; complexo, mas prazeroso.<\/span><\/strong><\/p>\n<p>&nbsp;<\/p>\n<p class=\"ng-star-inserted\"><strong class=\"ng-star-inserted\"><span class=\"ng-star-inserted\">A combina\u00e7\u00e3o perfeita? Momentos inesquec\u00edveis:<\/span><\/strong><\/p>\n<ul class=\"ng-star-inserted\">\n<li class=\"ng-star-inserted\">\n<p class=\"ng-star-inserted\"><span class=\"ng-star-inserted\">Que\u00a0<\/span><strong class=\"ng-star-inserted\"><span class=\"ng-star-inserted\">um encontro com amigos onde se pede uma pizza gourmet<\/span><\/strong><span class=\"ng-star-inserted\">\u00a0Com ingredientes saborosos (experimente com r\u00facula e presunto!). \ud83c\udf55<\/span><\/p>\n<\/li>\n<li class=\"ng-star-inserted\">\n<p class=\"ng-star-inserted\"><span class=\"ng-star-inserted\">UM\u00a0<\/span><strong class=\"ng-star-inserted\"><span class=\"ng-star-inserted\">Noite de cinema com uma t\u00e1bua de queijos semimaturados.<\/span><\/strong><span class=\"ng-star-inserted\">\u00a0e um bom presunto Serrano. \ud83e\uddc0<\/span><\/p>\n<\/li>\n<li class=\"ng-star-inserted\">\n<p class=\"ng-star-inserted\"><span class=\"ng-star-inserted\">O companheiro ideal para\u00a0<\/span><strong class=\"ng-star-inserted\"><span class=\"ng-star-inserted\">carnes vermelhas grelhadas magras<\/span><\/strong><span class=\"ng-star-inserted\">\u00a0ou um\u00a0<\/span><strong class=\"ng-star-inserted\"><span class=\"ng-star-inserted\">bolo de milho substancioso.<\/span><\/strong><span class=\"ng-star-inserted\">\u00a0\ud83e\udd69\ud83c\udf3d<\/span><\/p>\n<\/li>\n<li class=\"ng-star-inserted\">\n<p class=\"ng-star-inserted\"><span class=\"ng-star-inserted\">Mesmo para\u00a0<\/span><strong class=\"ng-star-inserted\"><span class=\"ng-star-inserted\">medite sobre um bom livro<\/span><\/strong><span class=\"ng-star-inserted\">\u00a0Em uma noite fresca.<\/span><\/p>\n<\/li>\n<\/ul>\n<p>&nbsp;<\/p>\n<p class=\"ng-star-inserted\"><span class=\"ng-star-inserted\">O r\u00f3tulo, desenhado pelo incr\u00edvel\u00a0<\/span><strong class=\"ng-star-inserted\"><span class=\"ng-star-inserted\">Alberto Montt<\/span><\/strong><span class=\"ng-star-inserted\">, captura essa mistura de\u00a0<\/span><strong class=\"ng-star-inserted\"><span class=\"ng-star-inserted\">mist\u00e9rio, criatividade e uma profunda conex\u00e3o com a terra<\/span><\/strong><span class=\"ng-star-inserted\">\u00a0que define nossa linha Sereno, elevada a Gran Reserva. Representa nosso compromisso na 4 Almas: criar vinhos com\u00a0<\/span><strong class=\"ng-star-inserted\"><span class=\"ng-star-inserted\">legado familiar, qualidade excepcional<\/span><\/strong><span class=\"ng-star-inserted\">\u00a0(mesmo nas nossas linhas mais criativas!) e um\u00a0<\/span><strong class=\"ng-star-inserted\"><span class=\"ng-star-inserted\">Design que vai iniciar uma conversa.<\/span><\/strong><span class=\"ng-star-inserted\">\u00a0Queremos que cada garrafa seja uma experi\u00eancia completa, da vista ao \u00faltimo gole.<\/span><\/p>","protected":false},"excerpt":{"rendered":"<p class=\"ng-star-inserted\"><span class=\"ng-star-inserted\">Sereno Gran Reserva Carmenere: Intensidade e eleg\u00e2ncia para seus momentos especiais. Frutas negras, especiarias e notas de carvalho. Aveludado com final longo. Eleve sua celebra\u00e7\u00e3o!<\/span><\/p>","protected":false},"featured_media":350,"comment_status":"closed","ping_status":"closed","template":"","meta":[],"product_brand":[58],"product_cat":[24,39],"product_tag":[],"class_list":{"0":"post-312","1":"product","2":"type-product","3":"status-publish","4":"has-post-thumbnail","6":"product_brand-sereno","7":"product_cat-red-wines","8":"product_cat-sereno","10":"first","11":"instock","12":"shipping-taxable","13":"purchasable","14":"product-type-simple"},"_links":{"self":[{"href":"https:\/\/cuatroalmaswines.com\/pt\/wp-json\/wp\/v2\/product\/312","targetHints":{"allow":["GET"]}}],"collection":[{"href":"https:\/\/cuatroalmaswines.com\/pt\/wp-json\/wp\/v2\/product"}],"about":[{"href":"https:\/\/cuatroalmaswines.com\/pt\/wp-json\/wp\/v2\/types\/product"}],"replies":[{"embeddable":true,"href":"https:\/\/cuatroalmaswines.com\/pt\/wp-json\/wp\/v2\/comments?post=312"}],"wp:featuredmedia":[{"embeddable":true,"href":"https:\/\/cuatroalmaswines.com\/pt\/wp-json\/wp\/v2\/media\/350"}],"wp:attachment":[{"href":"https:\/\/cuatroalmaswines.com\/pt\/wp-json\/wp\/v2\/media?parent=312"}],"wp:term":[{"taxonomy":"product_brand","embeddable":true,"href":"https:\/\/cuatroalmaswines.com\/pt\/wp-json\/wp\/v2\/product_brand?post=312"},{"taxonomy":"product_cat","embeddable":true,"href":"https:\/\/cuatroalmaswines.com\/pt\/wp-json\/wp\/v2\/product_cat?post=312"},{"taxonomy":"product_tag","embeddable":true,"href":"https:\/\/cuatroalmaswines.com\/pt\/wp-json\/wp\/v2\/product_tag?post=312"}],"curies":[{"name":"wp","href":"https:\/\/api.w.org\/{rel}","templated":true}]}}